{"id":1137,"date":"2020-08-04T09:02:39","date_gmt":"2020-08-04T09:02:39","guid":{"rendered":"https:\/\/melia-greekdeli.com\/product\/pate-de-sesame-entier-au-tahini\/"},"modified":"2022-05-30T09:46:50","modified_gmt":"2022-05-30T09:46:50","slug":"pate-de-sesame-entier-au-tahini","status":"publish","type":"product","link":"https:\/\/melia-greekdeli.com\/fr\/produit\/pate-de-sesame-entier-au-tahini\/","title":{"rendered":"P\u00e2t\u00e9 de s\u00e9same entier au tahini"},"content":{"rendered":"","protected":false},"excerpt":{"rendered":"","protected":false},"featured_media":1138,"template":"","meta":{"jetpack_post_was_ever_published":false,"jetpack_publicize_message":"","jetpack_publicize_feature_enabled":true,"jetpack_social_post_already_shared":true,"jetpack_social_options":{"image_generator_settings":{"template":"highway","enabled":false}}},"product_cat":[82,79],"product_tag":[],"jetpack_publicize_connections":[],"jetpack_sharing_enabled":true,"_links":{"self":[{"href":"https:\/\/melia-greekdeli.com\/fr\/wp-json\/wp\/v2\/product\/1137"}],"collection":[{"href":"https:\/\/melia-greekdeli.com\/fr\/wp-json\/wp\/v2\/product"}],"about":[{"href":"https:\/\/melia-greekdeli.com\/fr\/wp-json\/wp\/v2\/types\/product"}],"wp:featuredmedia":[{"embeddable":true,"href":"https:\/\/melia-greekdeli.com\/fr\/wp-json\/wp\/v2\/media\/1138"}],"wp:attachment":[{"href":"https:\/\/melia-greekdeli.com\/fr\/wp-json\/wp\/v2\/media?parent=1137"}],"wp:term":[{"taxonomy":"product_cat","embeddable":true,"href":"https:\/\/melia-greekdeli.com\/fr\/wp-json\/wp\/v2\/product_cat?post=1137"},{"taxonomy":"product_tag","embeddable":true,"href":"https:\/\/melia-greekdeli.com\/fr\/wp-json\/wp\/v2\/product_tag?post=1137"}],"curies":[{"name":"wp","href":"https:\/\/api.w.org\/{rel}","templated":true}]}}