{"id":1152,"date":"2017-12-27T10:50:58","date_gmt":"2017-12-27T10:50:58","guid":{"rendered":"https:\/\/melia-greekdeli.com\/product\/tomates-sechees-au-soleil-a-lhuile-dolive\/"},"modified":"2022-05-30T09:47:04","modified_gmt":"2022-05-30T09:47:04","slug":"tomates-sechees-au-soleil-a-lhuile-dolive","status":"publish","type":"product","link":"https:\/\/melia-greekdeli.com\/fr\/produit\/tomates-sechees-au-soleil-a-lhuile-dolive\/","title":{"rendered":"Tomates s\u00e9ch\u00e9es au soleil \u00e0 l&rsquo;huile d&rsquo;olive"},"content":{"rendered":"","protected":false},"excerpt":{"rendered":"","protected":false},"featured_media":1153,"template":"","meta":{"jetpack_post_was_ever_published":false,"jetpack_publicize_message":"","jetpack_publicize_feature_enabled":true,"jetpack_social_post_already_shared":true,"jetpack_social_options":{"image_generator_settings":{"template":"highway","enabled":false}}},"product_cat":[84,83],"product_tag":[101],"jetpack_publicize_connections":[],"jetpack_sharing_enabled":true,"_links":{"self":[{"href":"https:\/\/melia-greekdeli.com\/fr\/wp-json\/wp\/v2\/product\/1152"}],"collection":[{"href":"https:\/\/melia-greekdeli.com\/fr\/wp-json\/wp\/v2\/product"}],"about":[{"href":"https:\/\/melia-greekdeli.com\/fr\/wp-json\/wp\/v2\/types\/product"}],"wp:featuredmedia":[{"embeddable":true,"href":"https:\/\/melia-greekdeli.com\/fr\/wp-json\/wp\/v2\/media\/1153"}],"wp:attachment":[{"href":"https:\/\/melia-greekdeli.com\/fr\/wp-json\/wp\/v2\/media?parent=1152"}],"wp:term":[{"taxonomy":"product_cat","embeddable":true,"href":"https:\/\/melia-greekdeli.com\/fr\/wp-json\/wp\/v2\/product_cat?post=1152"},{"taxonomy":"product_tag","embeddable":true,"href":"https:\/\/melia-greekdeli.com\/fr\/wp-json\/wp\/v2\/product_tag?post=1152"}],"curies":[{"name":"wp","href":"https:\/\/api.w.org\/{rel}","templated":true}]}}