{"id":1196,"date":"2020-08-03T14:37:00","date_gmt":"2020-08-03T14:37:00","guid":{"rendered":"https:\/\/melia-greekdeli.com\/product\/fromage-a-tartiner-aux-tomates-et-poivrons-bouyiournti\/"},"modified":"2022-05-30T09:46:56","modified_gmt":"2022-05-30T09:46:56","slug":"fromage-a-tartiner-aux-tomates-et-poivrons-bouyiournti","status":"publish","type":"product","link":"https:\/\/melia-greekdeli.com\/fr\/produit\/fromage-a-tartiner-aux-tomates-et-poivrons-bouyiournti\/","title":{"rendered":"Fromage \u00e0 tartiner aux tomates et poivrons Bouyiournt\u00ed"},"content":{"rendered":"","protected":false},"excerpt":{"rendered":"<p><strong>Ingedients<\/strong><\/p>\n<p>EN: Tomato (34%), Katiki cheese (PDO) (31%), red sweet peppers (31%), extra virgin olive oil (2%), vinegar (2%), garlic (1%), spices, salt<\/p>\n<p>DE: Tomate (34%), Katikik\u00e4se (g.U.) (31%), rote Spitzpaprika (31%), extra natives Oliven\u00f6l (2%), Essig (2%), Knoblauch (1%), Gew\u00fcrze, Salz<\/p>\n<p>FR: Tomates (34%), Katiki-fromage doux de Domokos (31%), poivron rouge (31%), huile d\u2018olive extra vierge (2%), vinaigre (2%), ail (1%), \u00e9pices, sel<\/p>\n","protected":false},"featured_media":1197,"template":"","meta":{"jetpack_post_was_ever_published":false,"jetpack_publicize_message":"","jetpack_publicize_feature_enabled":true,"jetpack_social_post_already_shared":true,"jetpack_social_options":{"image_generator_settings":{"template":"highway","enabled":false}}},"product_cat":[84,83],"product_tag":[],"jetpack_publicize_connections":[],"jetpack_sharing_enabled":true,"_links":{"self":[{"href":"https:\/\/melia-greekdeli.com\/fr\/wp-json\/wp\/v2\/product\/1196"}],"collection":[{"href":"https:\/\/melia-greekdeli.com\/fr\/wp-json\/wp\/v2\/product"}],"about":[{"href":"https:\/\/melia-greekdeli.com\/fr\/wp-json\/wp\/v2\/types\/product"}],"wp:featuredmedia":[{"embeddable":true,"href":"https:\/\/melia-greekdeli.com\/fr\/wp-json\/wp\/v2\/media\/1197"}],"wp:attachment":[{"href":"https:\/\/melia-greekdeli.com\/fr\/wp-json\/wp\/v2\/media?parent=1196"}],"wp:term":[{"taxonomy":"product_cat","embeddable":true,"href":"https:\/\/melia-greekdeli.com\/fr\/wp-json\/wp\/v2\/product_cat?post=1196"},{"taxonomy":"product_tag","embeddable":true,"href":"https:\/\/melia-greekdeli.com\/fr\/wp-json\/wp\/v2\/product_tag?post=1196"}],"curies":[{"name":"wp","href":"https:\/\/api.w.org\/{rel}","templated":true}]}}