{"id":1202,"date":"2020-08-04T08:43:52","date_gmt":"2020-08-04T08:43:52","guid":{"rendered":"https:\/\/melia-greekdeli.com\/product\/pate-epice-aux-poivrons-rouges\/"},"modified":"2022-05-30T09:46:55","modified_gmt":"2022-05-30T09:46:55","slug":"pate-epice-aux-poivrons-rouges","status":"publish","type":"product","link":"https:\/\/melia-greekdeli.com\/fr\/produit\/pate-epice-aux-poivrons-rouges\/","title":{"rendered":"P\u00e2t\u00e9 \u00e9pic\u00e9 aux poivrons rouges"},"content":{"rendered":"","protected":false},"excerpt":{"rendered":"<p><strong>Ingredients<\/strong><\/p>\n<p>EN: Red sweet peppers (76%), tomato (11%), extra virgin olive oil (5%), vinegar (5%), garlic (2%), Chilli Ghost Pepper, salt<\/p>\n<p>DE: Rote Spitzpaprika (76%), Tomate (11%), extra natives Oliven\u00f6l (5%), Weinessig (5%), Knoblauch (2%), Chilli Ghost Pepper, Salz<\/p>\n","protected":false},"featured_media":1203,"template":"","meta":{"jetpack_post_was_ever_published":false,"jetpack_publicize_message":"","jetpack_publicize_feature_enabled":true,"jetpack_social_post_already_shared":true,"jetpack_social_options":{"image_generator_settings":{"template":"highway","enabled":false}}},"product_cat":[84,83],"product_tag":[],"jetpack_publicize_connections":[],"jetpack_sharing_enabled":true,"_links":{"self":[{"href":"https:\/\/melia-greekdeli.com\/fr\/wp-json\/wp\/v2\/product\/1202"}],"collection":[{"href":"https:\/\/melia-greekdeli.com\/fr\/wp-json\/wp\/v2\/product"}],"about":[{"href":"https:\/\/melia-greekdeli.com\/fr\/wp-json\/wp\/v2\/types\/product"}],"wp:featuredmedia":[{"embeddable":true,"href":"https:\/\/melia-greekdeli.com\/fr\/wp-json\/wp\/v2\/media\/1203"}],"wp:attachment":[{"href":"https:\/\/melia-greekdeli.com\/fr\/wp-json\/wp\/v2\/media?parent=1202"}],"wp:term":[{"taxonomy":"product_cat","embeddable":true,"href":"https:\/\/melia-greekdeli.com\/fr\/wp-json\/wp\/v2\/product_cat?post=1202"},{"taxonomy":"product_tag","embeddable":true,"href":"https:\/\/melia-greekdeli.com\/fr\/wp-json\/wp\/v2\/product_tag?post=1202"}],"curies":[{"name":"wp","href":"https:\/\/api.w.org\/{rel}","templated":true}]}}