{"id":1208,"date":"2020-08-04T08:47:28","date_gmt":"2020-08-04T08:47:28","guid":{"rendered":"https:\/\/melia-greekdeli.com\/product\/sauce-tomate-aux-fruits-de-mer-et-retsina\/"},"modified":"2022-05-30T09:46:54","modified_gmt":"2022-05-30T09:46:54","slug":"sauce-tomate-aux-fruits-de-mer-et-retsina","status":"publish","type":"product","link":"https:\/\/melia-greekdeli.com\/fr\/produit\/sauce-tomate-aux-fruits-de-mer-et-retsina\/","title":{"rendered":"Sauce tomate aux fruits de mer et retsina"},"content":{"rendered":"","protected":false},"excerpt":{"rendered":"<p><strong>Ingredients<\/strong><\/p>\n<p>EN: Tomato (72%), onions (7%), seafood of surimi (contains fish, gluten, soy, crab, lobster) (7%), Shrimps (4%) Retsina white wine (4%), extra virgin olive oil (4%), vinegar, spices, salt<\/p>\n<p>DE: Tomate (72%), Zwiebel (7%), Meeresfr\u00fcchte aus Surimi (enthalten Fisch, Gluten, Soja, Krabben, Hummer) (7%), Garnelen (4%), Retsina (4%), extra natives Oliven\u00f6l (4%), Essig, Gew\u00fcrze, Salz<\/p>\n<p>FR: Tomate (72%), oignons (7%), fruits de mer: surimi (contient du poisson, gluten, soja, crabe, homard) (7%) &amp; crevettes (4%), vin blanc Retsina (4%), huile d&rsquo;olive vierge extra (4%), vinaigre, \u00e9pices, sel<\/p>\n","protected":false},"featured_media":1209,"template":"","meta":{"jetpack_post_was_ever_published":false,"jetpack_publicize_message":"","jetpack_publicize_feature_enabled":true,"jetpack_social_post_already_shared":true,"jetpack_social_options":{"image_generator_settings":{"template":"highway","enabled":false}}},"product_cat":[83,90],"product_tag":[],"jetpack_publicize_connections":[],"jetpack_sharing_enabled":true,"_links":{"self":[{"href":"https:\/\/melia-greekdeli.com\/fr\/wp-json\/wp\/v2\/product\/1208"}],"collection":[{"href":"https:\/\/melia-greekdeli.com\/fr\/wp-json\/wp\/v2\/product"}],"about":[{"href":"https:\/\/melia-greekdeli.com\/fr\/wp-json\/wp\/v2\/types\/product"}],"wp:featuredmedia":[{"embeddable":true,"href":"https:\/\/melia-greekdeli.com\/fr\/wp-json\/wp\/v2\/media\/1209"}],"wp:attachment":[{"href":"https:\/\/melia-greekdeli.com\/fr\/wp-json\/wp\/v2\/media?parent=1208"}],"wp:term":[{"taxonomy":"product_cat","embeddable":true,"href":"https:\/\/melia-greekdeli.com\/fr\/wp-json\/wp\/v2\/product_cat?post=1208"},{"taxonomy":"product_tag","embeddable":true,"href":"https:\/\/melia-greekdeli.com\/fr\/wp-json\/wp\/v2\/product_tag?post=1208"}],"curies":[{"name":"wp","href":"https:\/\/api.w.org\/{rel}","templated":true}]}}